{"id":9,"date":"2022-06-27T09:10:29","date_gmt":"2022-06-27T07:10:29","guid":{"rendered":"http:\/\/politikundrechterleben.uni-goettingen.de\/wordpress\/?page_id=9"},"modified":"2023-06-12T12:01:21","modified_gmt":"2023-06-12T10:01:21","slug":"test","status":"publish","type":"page","link":"https:\/\/politikundrechterleben.uni-goettingen.de\/wordpress\/test\/","title":{"rendered":"Test"},"content":{"rendered":"<div class=\"fusion-fullwidth fullwidth-box fusion-builder-row-1 fusion-flex-container nonhundred-percent-fullwidth non-hundred-percent-height-scrolling\" style=\"background-color: rgba(255,255,255,0);background-position: center center;background-repeat: no-repeat;border-width: 0px 0px 0px 0px;border-color:#eae9e9;border-style:solid;\" ><div class=\"fusion-builder-row fusion-row fusion-flex-align-items-flex-start\" style=\"max-width:1216.8px;margin-left: calc(-4% \/ 2 );margin-right: calc(-4% \/ 2 );\"><div class=\"fusion-layout-column fusion_builder_column fusion-builder-column-0 fusion_builder_column_1_1 1_1 fusion-flex-column\"><div class=\"fusion-column-wrapper fusion-flex-justify-content-flex-start fusion-content-layout-column\" style=\"background-position:left top;background-repeat:no-repeat;-webkit-background-size:cover;-moz-background-size:cover;-o-background-size:cover;background-size:cover;padding: 0px 0px 0px 0px;\"><style type=\"text\/css\">@media only screen and (max-width:1024px) {.fusion-title.fusion-title-1{margin-top:0px!important; margin-right:!important;margin-bottom:30px!important;margin-left:!important;}}<\/style><div class=\"fusion-title title fusion-title-1 fusion-title-center fusion-title-text fusion-title-size-one\" style=\"margin-top:0px;margin-bottom:30px;\"><div class=\"title-sep-container title-sep-container-left\"><div class=\"title-sep sep-double sep-solid\" style=\"border-color:var(--awb-color5);\"><\/div><\/div><span class=\"awb-title-spacer\"><\/span><h1 class=\"title-heading-center fusion-responsive-typography-calculated\" style=\"font-family:&#039;Iowan Old Style&#039;, &#039;Apple Garamond&#039;, Baskerville, &#039;Times New Roman&#039;, &#039;Droid Serif&#039;, Times, &#039;Source Serif Pro&#039;, serif;font-weight:400;margin:0;text-transform:none;color:var(--awb-color4);--fontSize:60;line-height:var(--awb-typography1-line-height);\">Datenschutz<\/h1><span class=\"awb-title-spacer\"><\/span><div class=\"title-sep-container title-sep-container-right\"><div class=\"title-sep sep-double sep-solid\" style=\"border-color:var(--awb-color5);\"><\/div><\/div><\/div><\/div><style type=\"text\/css\">.fusion-body .fusion-builder-column-0{width:100% !important;margin-top : 0px;margin-bottom : 20px;}.fusion-builder-column-0 > .fusion-column-wrapper {padding-top : 0px !important;padding-right : 0px !important;margin-right : 1.92%;padding-bottom : 0px !important;padding-left : 0px !important;margin-left : 1.92%;}@media only screen and (max-width:1024px) {.fusion-body .fusion-builder-column-0{width:100% !important;order : 0;}.fusion-builder-column-0 > .fusion-column-wrapper {margin-right : 1.92%;margin-left : 1.92%;}}@media only screen and (max-width:640px) {.fusion-body .fusion-builder-column-0{width:100% !important;order : 0;}.fusion-builder-column-0 > .fusion-column-wrapper {margin-right : 1.92%;margin-left : 1.92%;}}<\/style><\/div><div class=\"fusion-layout-column fusion_builder_column fusion-builder-column-1 fusion_builder_column_1_1 1_1 fusion-flex-column\"><div class=\"fusion-column-wrapper fusion-flex-justify-content-flex-start fusion-content-layout-column\" style=\"background-position:left top;background-repeat:no-repeat;-webkit-background-size:cover;-moz-background-size:cover;-o-background-size:cover;background-size:cover;padding: 0px 0px 0px 0px;\"><div class=\"fusion-text fusion-text-1 fusion-text-split-columns fusion-text-columns-2\" style=\" -webkit-column-count:2; -webkit-column-gap:2em; -webkit-column-width:100px; -moz-column-count:2; -moz-column-gap:2em; -moz-column-width:100px; column-count:2; column-gap:2em; column-width:100px;font-family:&#039;Iowan Old Style&#039;, &#039;Apple Garamond&#039;, Baskerville, &#039;Times New Roman&#039;, &#039;Droid Serif&#039;, Times, &#039;Source Serif Pro&#039;, serif;font-weight:400;\"><\/p>\n<p><b>Datenschutzerkl\u00e4rung<\/b><\/p>\n<p><b>\u00a7 1 Information \u00fcber die Erhebung personenbezogener Daten<\/b><\/p>\n<p>(1) Im Folgenden informieren wir \u00fcber die Erhebung personenbezogener Daten bei Nutzung unserer Website. Personenbezogene Daten sind alle Daten, die auf Sie pers\u00f6nlich beziehbar sind, z.\u2009B. Name, Adresse, E-Mail-Adressen, Nutzerverhalten.<\/p>\n<p>(2) Verantwortlicher f\u00fcr die Erhebung und Verarbeitung der personenbezogenen Daten gem. Art. 4 Nr. 7 DSGVO ist die <\/p>\n<p>Georg- August-Universit\u00e4t G\u00f6ttingen Stiftung \u00f6ffentlichen Rechts (ohne Universit\u00e4tsmedizin), Wilhelmsplatz 1, 37073 G\u00f6ttingen, vertreten durch den Pr\u00e4sidenten, <\/p>\n<p>konkrete Daten verarbeitende Stellen sind der Lehrstuhl f\u00fcr das politische System der BRD, Prof. Dr. Simon Fink, Platz der G\u00f6ttinger Sieben 3, 37073 G\u00f6ttingen, und der Lehrstuhl f\u00fcr \u00d6ffentliches Recht, insb. Verwaltungsrecht, Prof. Dr. Angela Schwerdtfeger, Platz der G\u00f6ttinger Sieben 5, 37073 G\u00f6ttingen. <\/p>\n<p>Datenschutzbeauftragter der Universit\u00e4t G\u00f6ttingen ist Herr Prof. Andreas Wiebe, LL.M. (Virginia), Platz der G\u00f6ttinger Sieben 6, 37073 G\u00f6ttingen, E-Mail: datenschutz@uni-goettingen.de.<\/p>\n<p>(3) Bei Ihrer Kontaktaufnahme mit uns per E-Mail oder \u00fcber ein Kontaktformular werden die von Ihnen mitgeteilten Daten (Ihre E-Mail-Adresse, ggf. Ihr Name und Ihre Telefonnummer) von uns gespeichert, um Ihre Fragen zu beantworten. Die in diesem Zusammenhang anfallenden Daten l\u00f6schen wir, nachdem die Speicherung nicht mehr erforderlich ist, oder schr\u00e4nken die Verarbeitung ein, falls gesetzliche Aufbewahrungspflichten bestehen.<\/p>\n<p>(4) Falls wir f\u00fcr einzelne Funktionen unseres Angebots auf beauftragte Dienstleister zur\u00fcckgreifen, werden wir Sie untenstehend im Detail \u00fcber die jeweiligen Vorg\u00e4nge informieren. Dabei nennen wir auch die festgelegten Kriterien der Speicherdauer.<\/p>\n<p><b>\u00a7 2 Ihre Rechte<\/b><\/p>\n<p>(1) Sie haben gegen\u00fcber uns folgende Rechte hinsichtlich der Sie betreffenden personenbezogenen Daten:<\/p>\n<p>Recht auf Auskunft,<\/p>\n<p>Recht auf Berichtigung oder L\u00f6schung,<\/p>\n<p>Recht auf Einschr\u00e4nkung der Verarbeitung,<\/p>\n<p>Recht auf Widerspruch gegen die Verarbeitung.<\/p>\n<p>Ein Recht auf Daten\u00fcbertragbarkeit existiert im \u00f6ffentlichen-rechtlichen Bereich nicht. (Artikel 20, Abs. 2, S. 2)<\/p>\n<p>(2) Sie haben zudem das Recht, sich bei einer Datenschutz-Aufsichtsbeh\u00f6rde \u00fcber die Verarbeitung Ihrer personenbezogenen Daten durch uns zu beschweren. Sie d\u00fcrfen sich mit Beschwerden auch an die Landesbeauftragte f\u00fcr den Datenschutz Niedersachsen, Prinzenstra\u00dfe 5, 30159 Hannover, Tel. 0511\/120-4500, poststelle@lfd.niedersachsen.de wenden.<\/p>\n<p><b>\u00a7 3 Erhebung personenbezogener Daten bei Besuch unserer Website<\/b><\/p>\n<p>(1) Bei der blo\u00df informatorischen Nutzung der Website, also wenn Sie sich nicht registrieren oder uns anderweitig Informationen \u00fcbermitteln, erheben wir nur die personenbezogenen Daten, die Ihr Browser an unseren Server \u00fcbermittelt. Wenn Sie unsere Website betrachten m\u00f6chten, erheben wir die folgenden Daten, die f\u00fcr uns technisch erforderlich sind, um Ihnen unsere Website anzuzeigen und die Stabilit\u00e4t und Sicherheit zu gew\u00e4hrleisten:<\/p>\n<\/p>\n<ul>\n<li><span style=\"color: var(--body_typography-color); font-size: var(--body_typography-font-size); font-style: var(--body_typography-font-style,normal); letter-spacing: var(--body_typography-letter-spacing);\">IP-Adresse<\/span><\/li>\n<li><span style=\"color: var(--body_typography-color); font-size: var(--body_typography-font-size); font-style: var(--body_typography-font-style,normal); letter-spacing: var(--body_typography-letter-spacing);\">Datum und Uhrzeit der Anfrage<\/span><\/li>\n<li><span style=\"color: var(--body_typography-color); font-size: var(--body_typography-font-size); font-style: var(--body_typography-font-style,normal); letter-spacing: var(--body_typography-letter-spacing);\">Zeitzonendifferenz zur Greenwich Mean Time (GMT)<\/span><\/li>\n<li><span style=\"color: var(--body_typography-color); font-size: var(--body_typography-font-size); font-style: var(--body_typography-font-style,normal); letter-spacing: var(--body_typography-letter-spacing);\">Inhalt der Anforderung (konkrete Seite)<\/span><\/li>\n<li><span style=\"color: var(--body_typography-color); font-size: var(--body_typography-font-size); font-style: var(--body_typography-font-style,normal); letter-spacing: var(--body_typography-letter-spacing);\">Zugriffsstatus\/HTTP-Statuscode<\/span><\/li>\n<li><span style=\"color: var(--body_typography-color); font-size: var(--body_typography-font-size); font-style: var(--body_typography-font-style,normal); letter-spacing: var(--body_typography-letter-spacing);\">jeweils \u00fcbertragene Datenmenge<\/span><\/li>\n<li><span style=\"color: var(--body_typography-color); font-size: var(--body_typography-font-size); font-style: var(--body_typography-font-style,normal); letter-spacing: var(--body_typography-letter-spacing);\">Website, von der die Anforderung kommt<\/span><\/li>\n<li><span style=\"color: var(--body_typography-color); font-size: var(--body_typography-font-size); font-style: var(--body_typography-font-style,normal); letter-spacing: var(--body_typography-letter-spacing);\">Browser<\/span><\/li>\n<li><span style=\"color: var(--body_typography-color); font-size: var(--body_typography-font-size); font-style: var(--body_typography-font-style,normal); letter-spacing: var(--body_typography-letter-spacing);\">Betriebssystem und dessen Oberfl\u00e4che<\/span><\/li>\n<li><span style=\"color: var(--body_typography-color); font-size: var(--body_typography-font-size); font-style: var(--body_typography-font-style,normal); letter-spacing: var(--body_typography-letter-spacing);\">Sprache und Version der Browsersoftware.<\/span><\/li>\n<\/ul>\n<p>(2) Datenschutzbestimmungen zu Einsatz und Verwendung von Social Media<\/p>\n<p>Auf unserer Website k\u00f6nnen Links zu verschiedenen Social-Media-Plattformen wie Facebook, Youtube, Twitter, Flickr u. a. integriert sein. Dabei handelt es sich dann jedoch nicht um eine Integration von Daten wie etwa den \u201eGef\u00e4llt mir\u201c-Button, sondern um Links auf die Au\u00dfendarstellung der Universit\u00e4t auf der entsprechenden Plattform. Von der Georg-August-Universit\u00e4t G\u00f6ttingen werden keine datenschutzrelevanten Daten gespeichert.<\/p>\n<p>Wenn externe Inhalte auf einer universit\u00e4ren Internetseite (per iframe oder auf \u00e4hnliche Weise) eingebettet werden, k\u00f6nnen Cookies gesetzt bzw. generelle Rahmendaten wie Ihre IP-Adresse an den jeweiligen Anbieter \u00fcbertragen werden. Es gelten somit ebenfalls die Datenschutzrichtlinien des jeweiligen Anbieters. Aus diesem Grund sind die auf unseren Seiten eingebetteten Inhalte von Twitter und Youtube standardm\u00e4\u00dfig inaktiv und werden erst durch Ihre Zustimmung zu den Datenschutzbestimmungen des externen Dienstleisters aktiviert. Die Zustimmung wird gespeichert und kann auf folgender Seite wieder zur\u00fcckgenommen werden:<\/p>\n<p>Cookies verwalten<\/p><\/p>\n<\/div><\/div><style type=\"text\/css\">.fusion-body .fusion-builder-column-1{width:100% !important;margin-top : 0px;margin-bottom : 0px;}.fusion-builder-column-1 > .fusion-column-wrapper {padding-top : 0px !important;padding-right : 0px !important;margin-right : 1.92%;padding-bottom : 0px !important;padding-left : 0px !important;margin-left : 1.92%;}@media only screen and (max-width:1024px) {.fusion-body .fusion-builder-column-1{width:100% !important;}.fusion-builder-column-1 > .fusion-column-wrapper {margin-right : 1.92%;margin-left : 1.92%;}}@media only screen and (max-width:640px) {.fusion-body .fusion-builder-column-1{width:100% !important;}.fusion-builder-column-1 > .fusion-column-wrapper {margin-right : 1.92%;margin-left : 1.92%;}}<\/style><\/div><\/div><style type=\"text\/css\">.fusion-body .fusion-flex-container.fusion-builder-row-1{ padding-top : 0px;margin-top : 0px;padding-right : 0px;padding-bottom : 0px;margin-bottom : 0px;padding-left : 0px;}<\/style><\/div>","protected":false},"excerpt":{"rendered":"","protected":false},"author":1,"featured_media":0,"parent":0,"menu_order":0,"comment_status":"closed","ping_status":"closed","template":"","meta":{"footnotes":""},"class_list":["post-9","page","type-page","status-publish","hentry"],"yoast_head":"<!-- This site is optimized with the Yoast SEO plugin v20.0 - https:\/\/yoast.com\/wordpress\/plugins\/seo\/ -->\n<title>Test - Politik und Recht erleben<\/title>\n<meta name=\"robots\" content=\"index, follow, max-snippet:-1, max-image-preview:large, max-video-preview:-1\" \/>\n<link rel=\"canonical\" href=\"https:\/\/politikundrechterleben.uni-goettingen.de\/wordpress\/test\/\" \/>\n<meta property=\"og:locale\" content=\"de_DE\" \/>\n<meta property=\"og:type\" content=\"article\" \/>\n<meta property=\"og:title\" content=\"Test - Politik und Recht erleben\" \/>\n<meta property=\"og:url\" content=\"https:\/\/politikundrechterleben.uni-goettingen.de\/wordpress\/test\/\" \/>\n<meta property=\"og:site_name\" content=\"Politik und Recht erleben\" \/>\n<meta property=\"article:modified_time\" content=\"2023-06-12T10:01:21+00:00\" \/>\n<meta name=\"twitter:card\" content=\"summary_large_image\" \/>\n<meta name=\"twitter:label1\" content=\"Gesch\u00e4tzte Lesezeit\" \/>\n\t<meta name=\"twitter:data1\" content=\"5\u00a0Minuten\" \/>\n<script type=\"application\/ld+json\" class=\"yoast-schema-graph\">{\"@context\":\"https:\/\/schema.org\",\"@graph\":[{\"@type\":\"WebPage\",\"@id\":\"https:\/\/politikundrechterleben.uni-goettingen.de\/wordpress\/test\/\",\"url\":\"https:\/\/politikundrechterleben.uni-goettingen.de\/wordpress\/test\/\",\"name\":\"Test - Politik und Recht erleben\",\"isPartOf\":{\"@id\":\"https:\/\/politikundrechterleben.uni-goettingen.de\/wordpress\/#website\"},\"datePublished\":\"2022-06-27T07:10:29+00:00\",\"dateModified\":\"2023-06-12T10:01:21+00:00\",\"breadcrumb\":{\"@id\":\"https:\/\/politikundrechterleben.uni-goettingen.de\/wordpress\/test\/#breadcrumb\"},\"inLanguage\":\"de\",\"potentialAction\":[{\"@type\":\"ReadAction\",\"target\":[\"https:\/\/politikundrechterleben.uni-goettingen.de\/wordpress\/test\/\"]}]},{\"@type\":\"BreadcrumbList\",\"@id\":\"https:\/\/politikundrechterleben.uni-goettingen.de\/wordpress\/test\/#breadcrumb\",\"itemListElement\":[{\"@type\":\"ListItem\",\"position\":1,\"name\":\"Startseite\",\"item\":\"https:\/\/politikundrechterleben.uni-goettingen.de\/wordpress\/\"},{\"@type\":\"ListItem\",\"position\":2,\"name\":\"Test\"}]},{\"@type\":\"WebSite\",\"@id\":\"https:\/\/politikundrechterleben.uni-goettingen.de\/wordpress\/#website\",\"url\":\"https:\/\/politikundrechterleben.uni-goettingen.de\/wordpress\/\",\"name\":\"Politik und Recht erleben\",\"description\":\"Die Seite zum Projekt &quot;Politik und Recht erleben&quot;\",\"publisher\":{\"@id\":\"https:\/\/politikundrechterleben.uni-goettingen.de\/wordpress\/#organization\"},\"potentialAction\":[{\"@type\":\"SearchAction\",\"target\":{\"@type\":\"EntryPoint\",\"urlTemplate\":\"https:\/\/politikundrechterleben.uni-goettingen.de\/wordpress\/?s={search_term_string}\"},\"query-input\":\"required name=search_term_string\"}],\"inLanguage\":\"de\"},{\"@type\":\"Organization\",\"@id\":\"https:\/\/politikundrechterleben.uni-goettingen.de\/wordpress\/#organization\",\"name\":\"Politik und Recht erleben Universit\u00e4t G\u00f6ttingen\",\"url\":\"https:\/\/politikundrechterleben.uni-goettingen.de\/wordpress\/\",\"logo\":{\"@type\":\"ImageObject\",\"inLanguage\":\"de\",\"@id\":\"https:\/\/politikundrechterleben.uni-goettingen.de\/wordpress\/#\/schema\/logo\/image\/\",\"url\":\"https:\/\/politikundrechterleben.uni-goettingen.de\/wordpress\/wp-content\/uploads\/2022\/12\/Skyline-scaled.jpg\",\"contentUrl\":\"https:\/\/politikundrechterleben.uni-goettingen.de\/wordpress\/wp-content\/uploads\/2022\/12\/Skyline-scaled.jpg\",\"width\":2560,\"height\":1919,\"caption\":\"Politik und Recht erleben Universit\u00e4t G\u00f6ttingen\"},\"image\":{\"@id\":\"https:\/\/politikundrechterleben.uni-goettingen.de\/wordpress\/#\/schema\/logo\/image\/\"}}]}<\/script>\n<!-- \/ Yoast SEO plugin. -->","yoast_head_json":{"title":"Test - Politik und Recht erleben","robots":{"index":"index","follow":"follow","max-snippet":"max-snippet:-1","max-image-preview":"max-image-preview:large","max-video-preview":"max-video-preview:-1"},"canonical":"https:\/\/politikundrechterleben.uni-goettingen.de\/wordpress\/test\/","og_locale":"de_DE","og_type":"article","og_title":"Test - Politik und Recht erleben","og_url":"https:\/\/politikundrechterleben.uni-goettingen.de\/wordpress\/test\/","og_site_name":"Politik und Recht erleben","article_modified_time":"2023-06-12T10:01:21+00:00","twitter_card":"summary_large_image","twitter_misc":{"Gesch\u00e4tzte Lesezeit":"5\u00a0Minuten"},"schema":{"@context":"https:\/\/schema.org","@graph":[{"@type":"WebPage","@id":"https:\/\/politikundrechterleben.uni-goettingen.de\/wordpress\/test\/","url":"https:\/\/politikundrechterleben.uni-goettingen.de\/wordpress\/test\/","name":"Test - Politik und Recht erleben","isPartOf":{"@id":"https:\/\/politikundrechterleben.uni-goettingen.de\/wordpress\/#website"},"datePublished":"2022-06-27T07:10:29+00:00","dateModified":"2023-06-12T10:01:21+00:00","breadcrumb":{"@id":"https:\/\/politikundrechterleben.uni-goettingen.de\/wordpress\/test\/#breadcrumb"},"inLanguage":"de","potentialAction":[{"@type":"ReadAction","target":["https:\/\/politikundrechterleben.uni-goettingen.de\/wordpress\/test\/"]}]},{"@type":"BreadcrumbList","@id":"https:\/\/politikundrechterleben.uni-goettingen.de\/wordpress\/test\/#breadcrumb","itemListElement":[{"@type":"ListItem","position":1,"name":"Startseite","item":"https:\/\/politikundrechterleben.uni-goettingen.de\/wordpress\/"},{"@type":"ListItem","position":2,"name":"Test"}]},{"@type":"WebSite","@id":"https:\/\/politikundrechterleben.uni-goettingen.de\/wordpress\/#website","url":"https:\/\/politikundrechterleben.uni-goettingen.de\/wordpress\/","name":"Politik und Recht erleben","description":"Die Seite zum Projekt &quot;Politik und Recht erleben&quot;","publisher":{"@id":"https:\/\/politikundrechterleben.uni-goettingen.de\/wordpress\/#organization"},"potentialAction":[{"@type":"SearchAction","target":{"@type":"EntryPoint","urlTemplate":"https:\/\/politikundrechterleben.uni-goettingen.de\/wordpress\/?s={search_term_string}"},"query-input":"required name=search_term_string"}],"inLanguage":"de"},{"@type":"Organization","@id":"https:\/\/politikundrechterleben.uni-goettingen.de\/wordpress\/#organization","name":"Politik und Recht erleben Universit\u00e4t G\u00f6ttingen","url":"https:\/\/politikundrechterleben.uni-goettingen.de\/wordpress\/","logo":{"@type":"ImageObject","inLanguage":"de","@id":"https:\/\/politikundrechterleben.uni-goettingen.de\/wordpress\/#\/schema\/logo\/image\/","url":"https:\/\/politikundrechterleben.uni-goettingen.de\/wordpress\/wp-content\/uploads\/2022\/12\/Skyline-scaled.jpg","contentUrl":"https:\/\/politikundrechterleben.uni-goettingen.de\/wordpress\/wp-content\/uploads\/2022\/12\/Skyline-scaled.jpg","width":2560,"height":1919,"caption":"Politik und Recht erleben Universit\u00e4t G\u00f6ttingen"},"image":{"@id":"https:\/\/politikundrechterleben.uni-goettingen.de\/wordpress\/#\/schema\/logo\/image\/"}}]}},"_links":{"self":[{"href":"https:\/\/politikundrechterleben.uni-goettingen.de\/wordpress\/wp-json\/wp\/v2\/pages\/9","targetHints":{"allow":["GET"]}}],"collection":[{"href":"https:\/\/politikundrechterleben.uni-goettingen.de\/wordpress\/wp-json\/wp\/v2\/pages"}],"about":[{"href":"https:\/\/politikundrechterleben.uni-goettingen.de\/wordpress\/wp-json\/wp\/v2\/types\/page"}],"author":[{"embeddable":true,"href":"https:\/\/politikundrechterleben.uni-goettingen.de\/wordpress\/wp-json\/wp\/v2\/users\/1"}],"replies":[{"embeddable":true,"href":"https:\/\/politikundrechterleben.uni-goettingen.de\/wordpress\/wp-json\/wp\/v2\/comments?post=9"}],"version-history":[{"count":4,"href":"https:\/\/politikundrechterleben.uni-goettingen.de\/wordpress\/wp-json\/wp\/v2\/pages\/9\/revisions"}],"predecessor-version":[{"id":6571,"href":"https:\/\/politikundrechterleben.uni-goettingen.de\/wordpress\/wp-json\/wp\/v2\/pages\/9\/revisions\/6571"}],"wp:attachment":[{"href":"https:\/\/politikundrechterleben.uni-goettingen.de\/wordpress\/wp-json\/wp\/v2\/media?parent=9"}],"curies":[{"name":"wp","href":"https:\/\/api.w.org\/{rel}","templated":true}]}}