{"id":6585,"date":"2023-12-08T09:30:28","date_gmt":"2023-12-08T08:30:28","guid":{"rendered":"https:\/\/politikundrechterleben.uni-goettingen.de\/wordpress\/?page_id=6585"},"modified":"2023-12-08T09:40:24","modified_gmt":"2023-12-08T08:40:24","slug":"sammelband","status":"publish","type":"page","link":"https:\/\/politikundrechterleben.uni-goettingen.de\/wordpress\/sammelband\/","title":{"rendered":"Sammelband"},"content":{"rendered":"<div class=\"fusion-fullwidth fullwidth-box fusion-builder-row-1 fusion-flex-container nonhundred-percent-fullwidth non-hundred-percent-height-scrolling\" style=\"background-color: rgba(255,255,255,0);background-position: center center;background-repeat: no-repeat;border-width: 0px 0px 0px 0px;border-color:#eae9e9;border-style:solid;\" ><div class=\"fusion-builder-row fusion-row fusion-flex-align-items-flex-start\" style=\"max-width:1216.8px;margin-left: calc(-4% \/ 2 );margin-right: calc(-4% \/ 2 );\"><div class=\"fusion-layout-column fusion_builder_column fusion-builder-column-0 fusion_builder_column_1_1 1_1 fusion-flex-column\"><div class=\"fusion-column-wrapper fusion-flex-justify-content-flex-start fusion-content-layout-column\" style=\"background-position:left top;background-repeat:no-repeat;-webkit-background-size:cover;-moz-background-size:cover;-o-background-size:cover;background-size:cover;padding: 0px 0px 0px 0px;\"><div class=\"fusion-content-boxes content-boxes columns row fusion-columns-1 fusion-columns-total-1 fusion-content-boxes-1 content-boxes-icon-with-title content-left\" data-animationOffset=\"top-into-view\" style=\"margin-top:20px;margin-bottom:20px;\"><style type=\"text\/css\">.fusion-content-boxes-1 .heading .content-box-heading {color:var(--awb-custom_color_2);}\n\t\t\t\t\t.fusion-content-boxes-1 .fusion-content-box-hover .link-area-link-icon-hover .heading .content-box-heading,\n\t\t\t\t\t.fusion-content-boxes-1 .fusion-content-box-hover .link-area-link-icon-hover .heading .heading-link .content-box-heading,\n\t\t\t\t\t.fusion-content-boxes-1 .fusion-content-box-hover .link-area-box-hover .heading .content-box-heading,\n\t\t\t\t\t.fusion-content-boxes-1 .fusion-content-box-hover .link-area-box-hover .heading .heading-link .content-box-heading,\n\t\t\t\t\t.fusion-content-boxes-1 .fusion-content-box-hover .link-area-link-icon-hover.link-area-box .fusion-read-more,\n\t\t\t\t\t.fusion-content-boxes-1 .fusion-content-box-hover .link-area-link-icon-hover.link-area-box .fusion-read-more::after,\n\t\t\t\t\t.fusion-content-boxes-1 .fusion-content-box-hover .link-area-link-icon-hover.link-area-box .fusion-read-more::before,\n\t\t\t\t\t.fusion-content-boxes-1 .fusion-content-box-hover .fusion-read-more:hover:after,\n\t\t\t\t\t.fusion-content-boxes-1 .fusion-content-box-hover .fusion-read-more:hover:before,\n\t\t\t\t\t.fusion-content-boxes-1 .fusion-content-box-hover .fusion-read-more:hover,\n\t\t\t\t\t.fusion-content-boxes-1 .fusion-content-box-hover .link-area-box-hover.link-area-box .fusion-read-more,\n\t\t\t\t\t.fusion-content-boxes-1 .fusion-content-box-hover .link-area-box-hover.link-area-box .fusion-read-more::after,\n\t\t\t\t\t.fusion-content-boxes-1 .fusion-content-box-hover .link-area-box-hover.link-area-box .fusion-read-more::before,\n\t\t\t\t\t.fusion-content-boxes-1 .fusion-content-box-hover .link-area-link-icon-hover .icon .circle-no,\n\t\t\t\t\t.fusion-content-boxes-1 .heading .heading-link:hover .content-box-heading {\n\t\t\t\t\t\tcolor: var(--awb-color4);\n\t\t\t\t\t}\n\t\t\t\t\t.fusion-content-boxes-1 .fusion-content-box-hover .link-area-box-hover .icon .circle-no {\n\t\t\t\t\t\tcolor: var(--awb-color4) !important;\n\t\t\t\t\t}.fusion-content-boxes-1 .fusion-content-box-hover .link-area-box.link-area-box-hover .fusion-content-box-button {background: var(--awb-color5);color: var(--awb-color1);}.fusion-content-boxes-1 .fusion-content-box-hover .link-area-box.link-area-box-hover .fusion-content-box-button .fusion-button-text {color: var(--awb-color1);}\n\t\t\t\t\t.fusion-content-boxes-1 .fusion-content-box-hover .link-area-link-icon-hover .heading .icon > span {\n\t\t\t\t\t\tbackground-color: var(--awb-color4) !important;\n\t\t\t\t\t}\n\t\t\t\t\t.fusion-content-boxes-1 .fusion-content-box-hover .link-area-box-hover .heading .icon > span {\n\t\t\t\t\t\tborder-color: var(--awb-color4) !important;\n\t\t\t\t\t}<\/style><div class=\"fusion-column content-box-column content-box-column content-box-column-1 col-lg-12 col-md-12 col-sm-12 fusion-content-box-hover content-box-column-last content-box-column-last-in-row\"><div class=\"col content-box-wrapper content-wrapper-background link-area-link-icon icon-hover-animation-fade\" style=\"background-color:#ffffff;\" data-animationOffset=\"top-into-view\"><div class=\"heading heading-with-icon icon-left\"><div class=\"icon\"><i style=\"border-color:rgba(255,255,255,0);border-width:0px;background-color:var(--awb-color1);box-sizing:content-box;height:72px;width:72px;line-height:72px;border-radius:50%;color:var(--awb-color4);font-size:36px;\" aria-hidden=\"true\" class=\"fontawesome-icon fa-book fas circle-yes\"><\/i><\/div><h2 class=\"content-box-heading fusion-responsive-typography-calculated\" style=\"font-size:40px;--fontSize:40;line-height:var(--awb-typography1-line-height);\">Projekt-Sammelband<\/h2><\/div><div class=\"fusion-clearfix\"><\/div><div class=\"content-container\" style=\"color:var(--awb-color4);\">\n<div class=\"page\" title=\"Page 9\">\n<div class=\"layoutArea\">\n<div class=\"column\">\n<p><span style=\"color: #000000;\">Politik und Recht erleben, Zukunft mitgestalten. <em>Was verbirgt sich hinter diesem Buchtitel?<\/em> Er geht zur\u00fcck auf unser gleichnamiges interdisziplin\u00e4res Forschungsprojekt, in dem wir B\u00fcrger*innen Politik und Recht erleben lassen wollten. Warum aber sollten B\u00fcrger*innen Politik und Recht selbst erleben? Wie kann dieses Wagnis funktionieren, und welche Effekte hat es? Die Beitr\u00e4ge zu diesem Sammelband enthalten \u00dcberlegungen zu genau diesem Fragenkomplex.<\/span><\/p>\n<\/div>\n<p>Der <span style=\"text-decoration: underline;\"><a href=\"https:\/\/doi.org\/10.17875\/gup2023-2410\">Sammelband<\/a><\/span> zum Projekt ist <strong>Anfang Dezember 2023<\/strong> im Universit\u00e4tsverlag G\u00f6ttingen als <strong>open access Publikation<\/strong> erschienen!<\/p>\n<\/div>\n<\/div>\n<\/div><\/div><\/div><style type=\"text\/css\">\n\t\t\t\t\t\t.fusion-content-boxes-1 .fusion-content-box-hover .heading-link:hover .icon i.circle-yes,\n\t\t\t\t\t\t.fusion-content-boxes-1 .fusion-content-box-hover .link-area-box:hover .heading-link .icon i.circle-yes,\n\t\t\t\t\t\t.fusion-content-boxes-1 .fusion-content-box-hover .link-area-link-icon-hover .heading .icon i.circle-yes,\n\t\t\t\t\t\t.fusion-content-boxes-1 .fusion-content-box-hover .link-area-box-hover .heading .icon i.circle-yes {\n\t\t\t\t\t\t\tbackground-color: var(--awb-color4) !important;\n\t\t\t\t\t\t\tborder-color: var(--awb-color4) !important;\n\t\t\t\t\t\t}<\/style><div class=\"fusion-clearfix\"><\/div><\/div><div class=\"fusion-builder-row fusion-builder-row-inner fusion-row fusion-flex-align-items-flex-start\" style=\"width:104% !important;max-width:104% !important;margin-left: calc(-4% \/ 2 );margin-right: calc(-4% \/ 2 );\"><div class=\"fusion-layout-column fusion_builder_column_inner fusion-builder-nested-column-0 fusion_builder_column_inner_1_1 1_1 fusion-flex-column\"><div class=\"fusion-column-wrapper fusion-flex-justify-content-flex-start fusion-content-layout-column\" style=\"background-position:left top;background-repeat:no-repeat;-webkit-background-size:cover;-moz-background-size:cover;-o-background-size:cover;background-size:cover;padding: 0px 0px 0px 0px;\"><div ><span class=\" fusion-imageframe imageframe-none imageframe-1 hover-type-none\" style=\"max-width:1100px;\"><img decoding=\"async\" width=\"2059\" height=\"618\" title=\"Skyline\" src=\"https:\/\/politikundrechterleben.uni-goettingen.de\/wordpress\/wp-content\/uploads\/2023\/05\/Skyline.png\" data-orig-src=\"https:\/\/politikundrechterleben.uni-goettingen.de\/wordpress\/wp-content\/uploads\/2023\/05\/Skyline.png\" alt class=\"lazyload img-responsive wp-image-6375\" srcset=\"data:image\/svg+xml,%3Csvg%20xmlns%3D%27http%3A%2F%2Fwww.w3.org%2F2000%2Fsvg%27%20width%3D%272059%27%20height%3D%27618%27%20viewBox%3D%270%200%202059%20618%27%3E%3Crect%20width%3D%272059%27%20height%3D%27618%27%20fill-opacity%3D%220%22%2F%3E%3C%2Fsvg%3E\" data-srcset=\"https:\/\/politikundrechterleben.uni-goettingen.de\/wordpress\/wp-content\/uploads\/2023\/05\/Skyline-200x60.png 200w, https:\/\/politikundrechterleben.uni-goettingen.de\/wordpress\/wp-content\/uploads\/2023\/05\/Skyline-400x120.png 400w, https:\/\/politikundrechterleben.uni-goettingen.de\/wordpress\/wp-content\/uploads\/2023\/05\/Skyline-600x180.png 600w, https:\/\/politikundrechterleben.uni-goettingen.de\/wordpress\/wp-content\/uploads\/2023\/05\/Skyline-800x240.png 800w, https:\/\/politikundrechterleben.uni-goettingen.de\/wordpress\/wp-content\/uploads\/2023\/05\/Skyline-1200x360.png 1200w, https:\/\/politikundrechterleben.uni-goettingen.de\/wordpress\/wp-content\/uploads\/2023\/05\/Skyline.png 2059w\" data-sizes=\"auto\" data-orig-sizes=\"(max-width: 1024px) 100vw, (max-width: 640px) 100vw, 1200px\" \/><\/span><\/div><\/div><style type=\"text\/css\">.fusion-body .fusion-builder-nested-column-0{width:100% !important;margin-top : 0px;margin-bottom : 20px;}.fusion-builder-nested-column-0 > .fusion-column-wrapper {padding-top : 0px !important;padding-right : 0px !important;margin-right : 1.92%;padding-bottom : 0px !important;padding-left : 0px !important;margin-left : 1.92%;}@media only screen and (max-width:1024px) {.fusion-body .fusion-builder-nested-column-0{width:100% !important;order : 0;}.fusion-builder-nested-column-0 > .fusion-column-wrapper {margin-right : 1.92%;margin-left : 1.92%;}}@media only screen and (max-width:640px) {.fusion-body .fusion-builder-nested-column-0{width:100% !important;order : 0;}.fusion-builder-nested-column-0 > .fusion-column-wrapper {margin-right : 1.92%;margin-left : 1.92%;}}<\/style><\/div><\/div><\/div><style type=\"text\/css\">.fusion-body .fusion-builder-column-0{width:100% !important;margin-top : 0px;margin-bottom : 20px;}.fusion-builder-column-0 > .fusion-column-wrapper {padding-top : 0px !important;padding-right : 0px !important;margin-right : 1.92%;padding-bottom : 0px !important;padding-left : 0px !important;margin-left : 1.92%;}@media only screen and (max-width:1024px) {.fusion-body .fusion-builder-column-0{width:100% !important;order : 0;}.fusion-builder-column-0 > .fusion-column-wrapper {margin-right : 1.92%;margin-left : 1.92%;}}@media only screen and (max-width:640px) {.fusion-body .fusion-builder-column-0{width:100% !important;order : 0;}.fusion-builder-column-0 > .fusion-column-wrapper {margin-right : 1.92%;margin-left : 1.92%;}}<\/style><\/div><\/div><style type=\"text\/css\">.fusion-body .fusion-flex-container.fusion-builder-row-1{ padding-top : 0px;margin-top : 0px;padding-right : 0px;padding-bottom : 0px;margin-bottom : 0px;padding-left : 0px;}<\/style><\/div>\n","protected":false},"excerpt":{"rendered":"","protected":false},"author":3,"featured_media":0,"parent":0,"menu_order":0,"comment_status":"closed","ping_status":"closed","template":"","meta":{"footnotes":""},"class_list":["post-6585","page","type-page","status-publish","hentry"],"yoast_head":"<!-- This site is optimized with the Yoast SEO plugin v20.0 - https:\/\/yoast.com\/wordpress\/plugins\/seo\/ -->\n<title>Sammelband - Politik und Recht erleben<\/title>\n<meta name=\"robots\" content=\"index, follow, max-snippet:-1, max-image-preview:large, max-video-preview:-1\" \/>\n<link rel=\"canonical\" href=\"https:\/\/politikundrechterleben.uni-goettingen.de\/wordpress\/sammelband\/\" \/>\n<meta property=\"og:locale\" content=\"de_DE\" \/>\n<meta property=\"og:type\" content=\"article\" \/>\n<meta property=\"og:title\" content=\"Sammelband - Politik und Recht erleben\" \/>\n<meta property=\"og:url\" content=\"https:\/\/politikundrechterleben.uni-goettingen.de\/wordpress\/sammelband\/\" \/>\n<meta property=\"og:site_name\" content=\"Politik und Recht erleben\" \/>\n<meta property=\"article:modified_time\" content=\"2023-12-08T08:40:24+00:00\" \/>\n<meta name=\"twitter:card\" content=\"summary_large_image\" \/>\n<meta name=\"twitter:label1\" content=\"Gesch\u00e4tzte Lesezeit\" \/>\n\t<meta name=\"twitter:data1\" content=\"4\u00a0Minuten\" \/>\n<script type=\"application\/ld+json\" class=\"yoast-schema-graph\">{\"@context\":\"https:\/\/schema.org\",\"@graph\":[{\"@type\":\"WebPage\",\"@id\":\"https:\/\/politikundrechterleben.uni-goettingen.de\/wordpress\/sammelband\/\",\"url\":\"https:\/\/politikundrechterleben.uni-goettingen.de\/wordpress\/sammelband\/\",\"name\":\"Sammelband - Politik und Recht erleben\",\"isPartOf\":{\"@id\":\"https:\/\/politikundrechterleben.uni-goettingen.de\/wordpress\/#website\"},\"datePublished\":\"2023-12-08T08:30:28+00:00\",\"dateModified\":\"2023-12-08T08:40:24+00:00\",\"breadcrumb\":{\"@id\":\"https:\/\/politikundrechterleben.uni-goettingen.de\/wordpress\/sammelband\/#breadcrumb\"},\"inLanguage\":\"de\",\"potentialAction\":[{\"@type\":\"ReadAction\",\"target\":[\"https:\/\/politikundrechterleben.uni-goettingen.de\/wordpress\/sammelband\/\"]}]},{\"@type\":\"BreadcrumbList\",\"@id\":\"https:\/\/politikundrechterleben.uni-goettingen.de\/wordpress\/sammelband\/#breadcrumb\",\"itemListElement\":[{\"@type\":\"ListItem\",\"position\":1,\"name\":\"Startseite\",\"item\":\"https:\/\/politikundrechterleben.uni-goettingen.de\/wordpress\/\"},{\"@type\":\"ListItem\",\"position\":2,\"name\":\"Sammelband\"}]},{\"@type\":\"WebSite\",\"@id\":\"https:\/\/politikundrechterleben.uni-goettingen.de\/wordpress\/#website\",\"url\":\"https:\/\/politikundrechterleben.uni-goettingen.de\/wordpress\/\",\"name\":\"Politik und Recht erleben\",\"description\":\"Die Seite zum Projekt &quot;Politik und Recht erleben&quot;\",\"publisher\":{\"@id\":\"https:\/\/politikundrechterleben.uni-goettingen.de\/wordpress\/#organization\"},\"potentialAction\":[{\"@type\":\"SearchAction\",\"target\":{\"@type\":\"EntryPoint\",\"urlTemplate\":\"https:\/\/politikundrechterleben.uni-goettingen.de\/wordpress\/?s={search_term_string}\"},\"query-input\":\"required name=search_term_string\"}],\"inLanguage\":\"de\"},{\"@type\":\"Organization\",\"@id\":\"https:\/\/politikundrechterleben.uni-goettingen.de\/wordpress\/#organization\",\"name\":\"Politik und Recht erleben Universit\u00e4t G\u00f6ttingen\",\"url\":\"https:\/\/politikundrechterleben.uni-goettingen.de\/wordpress\/\",\"logo\":{\"@type\":\"ImageObject\",\"inLanguage\":\"de\",\"@id\":\"https:\/\/politikundrechterleben.uni-goettingen.de\/wordpress\/#\/schema\/logo\/image\/\",\"url\":\"https:\/\/politikundrechterleben.uni-goettingen.de\/wordpress\/wp-content\/uploads\/2022\/12\/Skyline-scaled.jpg\",\"contentUrl\":\"https:\/\/politikundrechterleben.uni-goettingen.de\/wordpress\/wp-content\/uploads\/2022\/12\/Skyline-scaled.jpg\",\"width\":2560,\"height\":1919,\"caption\":\"Politik und Recht erleben Universit\u00e4t G\u00f6ttingen\"},\"image\":{\"@id\":\"https:\/\/politikundrechterleben.uni-goettingen.de\/wordpress\/#\/schema\/logo\/image\/\"}}]}<\/script>\n<!-- \/ Yoast SEO plugin. -->","yoast_head_json":{"title":"Sammelband - Politik und Recht erleben","robots":{"index":"index","follow":"follow","max-snippet":"max-snippet:-1","max-image-preview":"max-image-preview:large","max-video-preview":"max-video-preview:-1"},"canonical":"https:\/\/politikundrechterleben.uni-goettingen.de\/wordpress\/sammelband\/","og_locale":"de_DE","og_type":"article","og_title":"Sammelband - Politik und Recht erleben","og_url":"https:\/\/politikundrechterleben.uni-goettingen.de\/wordpress\/sammelband\/","og_site_name":"Politik und Recht erleben","article_modified_time":"2023-12-08T08:40:24+00:00","twitter_card":"summary_large_image","twitter_misc":{"Gesch\u00e4tzte Lesezeit":"4\u00a0Minuten"},"schema":{"@context":"https:\/\/schema.org","@graph":[{"@type":"WebPage","@id":"https:\/\/politikundrechterleben.uni-goettingen.de\/wordpress\/sammelband\/","url":"https:\/\/politikundrechterleben.uni-goettingen.de\/wordpress\/sammelband\/","name":"Sammelband - Politik und Recht erleben","isPartOf":{"@id":"https:\/\/politikundrechterleben.uni-goettingen.de\/wordpress\/#website"},"datePublished":"2023-12-08T08:30:28+00:00","dateModified":"2023-12-08T08:40:24+00:00","breadcrumb":{"@id":"https:\/\/politikundrechterleben.uni-goettingen.de\/wordpress\/sammelband\/#breadcrumb"},"inLanguage":"de","potentialAction":[{"@type":"ReadAction","target":["https:\/\/politikundrechterleben.uni-goettingen.de\/wordpress\/sammelband\/"]}]},{"@type":"BreadcrumbList","@id":"https:\/\/politikundrechterleben.uni-goettingen.de\/wordpress\/sammelband\/#breadcrumb","itemListElement":[{"@type":"ListItem","position":1,"name":"Startseite","item":"https:\/\/politikundrechterleben.uni-goettingen.de\/wordpress\/"},{"@type":"ListItem","position":2,"name":"Sammelband"}]},{"@type":"WebSite","@id":"https:\/\/politikundrechterleben.uni-goettingen.de\/wordpress\/#website","url":"https:\/\/politikundrechterleben.uni-goettingen.de\/wordpress\/","name":"Politik und Recht erleben","description":"Die Seite zum Projekt &quot;Politik und Recht erleben&quot;","publisher":{"@id":"https:\/\/politikundrechterleben.uni-goettingen.de\/wordpress\/#organization"},"potentialAction":[{"@type":"SearchAction","target":{"@type":"EntryPoint","urlTemplate":"https:\/\/politikundrechterleben.uni-goettingen.de\/wordpress\/?s={search_term_string}"},"query-input":"required name=search_term_string"}],"inLanguage":"de"},{"@type":"Organization","@id":"https:\/\/politikundrechterleben.uni-goettingen.de\/wordpress\/#organization","name":"Politik und Recht erleben Universit\u00e4t G\u00f6ttingen","url":"https:\/\/politikundrechterleben.uni-goettingen.de\/wordpress\/","logo":{"@type":"ImageObject","inLanguage":"de","@id":"https:\/\/politikundrechterleben.uni-goettingen.de\/wordpress\/#\/schema\/logo\/image\/","url":"https:\/\/politikundrechterleben.uni-goettingen.de\/wordpress\/wp-content\/uploads\/2022\/12\/Skyline-scaled.jpg","contentUrl":"https:\/\/politikundrechterleben.uni-goettingen.de\/wordpress\/wp-content\/uploads\/2022\/12\/Skyline-scaled.jpg","width":2560,"height":1919,"caption":"Politik und Recht erleben Universit\u00e4t G\u00f6ttingen"},"image":{"@id":"https:\/\/politikundrechterleben.uni-goettingen.de\/wordpress\/#\/schema\/logo\/image\/"}}]}},"_links":{"self":[{"href":"https:\/\/politikundrechterleben.uni-goettingen.de\/wordpress\/wp-json\/wp\/v2\/pages\/6585","targetHints":{"allow":["GET"]}}],"collection":[{"href":"https:\/\/politikundrechterleben.uni-goettingen.de\/wordpress\/wp-json\/wp\/v2\/pages"}],"about":[{"href":"https:\/\/politikundrechterleben.uni-goettingen.de\/wordpress\/wp-json\/wp\/v2\/types\/page"}],"author":[{"embeddable":true,"href":"https:\/\/politikundrechterleben.uni-goettingen.de\/wordpress\/wp-json\/wp\/v2\/users\/3"}],"replies":[{"embeddable":true,"href":"https:\/\/politikundrechterleben.uni-goettingen.de\/wordpress\/wp-json\/wp\/v2\/comments?post=6585"}],"version-history":[{"count":2,"href":"https:\/\/politikundrechterleben.uni-goettingen.de\/wordpress\/wp-json\/wp\/v2\/pages\/6585\/revisions"}],"predecessor-version":[{"id":6593,"href":"https:\/\/politikundrechterleben.uni-goettingen.de\/wordpress\/wp-json\/wp\/v2\/pages\/6585\/revisions\/6593"}],"wp:attachment":[{"href":"https:\/\/politikundrechterleben.uni-goettingen.de\/wordpress\/wp-json\/wp\/v2\/media?parent=6585"}],"curies":[{"name":"wp","href":"https:\/\/api.w.org\/{rel}","templated":true}]}}